{"id":9,"date":"2015-12-24T14:52:20","date_gmt":"2015-12-24T14:52:20","guid":{"rendered":"http:\/\/demo.nrgthemes.com\/projects\/nrgeventwp\/businessheader3\/?page_id=9"},"modified":"2021-01-28T16:13:26","modified_gmt":"2021-01-28T15:13:26","slug":"home","status":"publish","type":"page","link":"https:\/\/enseignes.ch\/","title":{"rendered":"Home"},"content":{"rendered":"<p>[vc_row full_width=&#8221;stretch_row_content_no_spaces&#8221;][vc_column][nrgevent_main_slider style=&#8221;festival hidden&#8221; el_class=&#8221;display_none&#8221;][nrgevent_main_slider_contacts_item title=&#8221;Bienvenue chez Interneon&#8221; subtitle=&#8221;Notre \u00e9quipe de passionn\u00e9s est l\u00e0 pour vous servir&#8221; id_form=&#8221;&#8221; image=&#8221;312&#8243; link=&#8221;&#8221; data_link=&#8221;||&#8221;][nrgevent_main_slider_contacts_item title=&#8221;UN SAVOIR-FAIRE INCOMPARABLE&#8221; subtitle=&#8221;Depuis plus de 30 ans, la passion qui nous anime rend nos cr\u00e9ations et nos r\u00e9alisations toujours plus lumineuses&#8221; id_form=&#8221;&#8221; image=&#8221;314&#8243; link=&#8221;&#8221; data_link=&#8221;||&#8221;][nrgevent_main_slider_contacts_item title=&#8221;DESIGN SUR MESURE&#8221; subtitle=&#8221;De l&#8217;achat de la mati\u00e8re premi\u00e8re \u00e0 la r\u00e9alisation finale, nous ma\u00eetrisons tous les processus avec soin et application. &#8221; id_form=&#8221;&#8221; image=&#8221;566&#8243; link=&#8221;&#8221; data_link=&#8221;||&#8221;][nrgevent_main_slider_contacts_item title=&#8221;NOUS AIMONS LES NOUVELLES TECHNOLOGIES&#8221; subtitle=&#8221;Nous sommes toujours \u00e0 la recherche de solution innovante pour r\u00e9pondre \u00e0 vos demandes&#8221; id_form=&#8221;&#8221; image=&#8221;322&#8243; link=&#8221;&#8221; data_link=&#8221;||&#8221;][\/nrgevent_main_slider][\/vc_column][\/vc_row][vc_row el_class=&#8221;display_none&#8221;][vc_column][vc_empty_space height=&#8221;60px&#8221;][nrgevent_heading subtitle=&#8221;About Us&#8221; title=&#8221;ABOUT OUR CONFERENCE&#8221;]Lorem ipsum dolor sit amet, consectetur adipiscing elit, sed do eiusmod tempor<br \/>\nincididunt ut labore et dolore magna aliqua.[\/nrgevent_heading][vc_empty_space height=&#8221;65px&#8221;][\/vc_column][\/vc_row][vc_row el_class=&#8221;display_none&#8221;][vc_column css=&#8221;.vc_custom_1450102384740{padding-right: 0px !important;padding-left: 0px !important;}&#8221;][nrgevent_columns_slider][nrgevent_columns_slider_item title=&#8221;We Offer To You&#8221; image=&#8221;35&#8243;]Lorem ipsum dolor sit amet, consectetur adipiscing elit, sed do eiusmod tempor incididunt ut labore et dolore magna[\/nrgevent_columns_slider_item][nrgevent_columns_slider_item title=&#8221;We Are The Best&#8221; image=&#8221;36&#8243;]Lorem ipsum dolor sit amet, consectetur adipiscing elit, sed do eiusmod tempor incididunt ut labore et dolore magna[\/nrgevent_columns_slider_item][nrgevent_columns_slider_item title=&#8221;Interesting Info&#8221; image=&#8221;37&#8243;]Lorem ipsum dolor sit amet, consectetur adipiscing elit, sed do eiusmod tempor incididunt ut labore et dolore magna[\/nrgevent_columns_slider_item][nrgevent_columns_slider_item title=&#8221;Our History&#8221; image=&#8221;38&#8243;]Lorem ipsum dolor sit amet, consectetur adipiscing elit, sed do eiusmod tempor incididunt ut labore et dolore magna[\/nrgevent_columns_slider_item][nrgevent_columns_slider_item title=&#8221;We Offer To You&#8221; image=&#8221;35&#8243;]Lorem ipsum dolor sit amet, consectetur adipiscing elit, sed do eiusmod tempor incididunt ut labore et dolore magna[\/nrgevent_columns_slider_item][nrgevent_columns_slider_item title=&#8221;We Are The Best&#8221; image=&#8221;36&#8243;]Lorem ipsum dolor sit amet, consectetur adipiscing elit, sed do eiusmod tempor incididunt ut labore et dolore magna[\/nrgevent_columns_slider_item][nrgevent_columns_slider_item title=&#8221;Interesting Info&#8221; image=&#8221;37&#8243;]Lorem ipsum dolor sit amet, consectetur adipiscing elit, sed do eiusmod tempor incididunt ut labore et dolore magna[\/nrgevent_columns_slider_item][nrgevent_columns_slider_item title=&#8221;Our History&#8221; image=&#8221;38&#8243;]Lorem ipsum dolor sit amet, consectetur adipiscing elit, sed do eiusmod tempor incididunt ut labore et dolore magna[\/nrgevent_columns_slider_item][\/nrgevent_columns_slider][\/vc_column][\/vc_row]<\/p>\n","protected":false},"excerpt":{"rendered":"<p>[vc_row full_width=&#8221;stretch_row_content_no_spaces&#8221;][vc_column][nrgevent_main_slider style=&#8221;festival hidden&#8221; el_class=&#8221;display_none&#8221;][nrgevent_main_slider_contacts_item title=&#8221;Bienvenue chez Interneon&#8221; subtitle=&#8221;Notre \u00e9quipe de passionn\u00e9s est l\u00e0 pour vous servir&#8221; id_form=&#8221;&#8221; image=&#8221;312&#8243; link=&#8221;&#8221; data_link=&#8221;||&#8221;][nrgevent_main_slider_contacts_item title=&#8221;UN SAVOIR-FAIRE INCOMPARABLE&#8221; subtitle=&#8221;Depuis plus de 30 ans, la passion qui nous anime rend nos cr\u00e9ations et nos r\u00e9alisations toujours plus lumineuses&#8221; id_form=&#8221;&#8221; image=&#8221;314&#8243; link=&#8221;&#8221; data_link=&#8221;||&#8221;][nrgevent_main_slider_contacts_item title=&#8221;DESIGN SUR MESURE&#8221; subtitle=&#8221;De l&#8217;achat de la mati\u00e8re [&hellip;]<\/p>\n","protected":false},"author":124,"featured_media":0,"parent":0,"menu_order":1,"comment_status":"closed","ping_status":"closed","template":"","meta":[],"_links":{"self":[{"href":"https:\/\/enseignes.ch\/index.php?rest_route=\/wp\/v2\/pages\/9"}],"collection":[{"href":"https:\/\/enseignes.ch\/index.php?rest_route=\/wp\/v2\/pages"}],"about":[{"href":"https:\/\/enseignes.ch\/index.php?rest_route=\/wp\/v2\/types\/page"}],"author":[{"embeddable":true,"href":"https:\/\/enseignes.ch\/index.php?rest_route=\/wp\/v2\/users\/124"}],"replies":[{"embeddable":true,"href":"https:\/\/enseignes.ch\/index.php?rest_route=%2Fwp%2Fv2%2Fcomments&post=9"}],"version-history":[{"count":1,"href":"https:\/\/enseignes.ch\/index.php?rest_route=\/wp\/v2\/pages\/9\/revisions"}],"predecessor-version":[{"id":942,"href":"https:\/\/enseignes.ch\/index.php?rest_route=\/wp\/v2\/pages\/9\/revisions\/942"}],"wp:attachment":[{"href":"https:\/\/enseignes.ch\/index.php?rest_route=%2Fwp%2Fv2%2Fmedia&parent=9"}],"curies":[{"name":"wp","href":"https:\/\/api.w.org\/{rel}","templated":true}]}}